{"id":741,"date":"2021-09-27T19:37:07","date_gmt":"2021-09-27T17:37:07","guid":{"rendered":"https:\/\/luzmadridfestival.com\/aviso-legal\/"},"modified":"2026-02-27T12:59:56","modified_gmt":"2026-02-27T10:59:56","slug":"legal-notice","status":"publish","type":"page","link":"https:\/\/luzmadridfestival.com\/en\/legal-notice\/","title":{"rendered":"Legal notice"},"content":{"rendered":"<h2>AVISO LEGAL<br \/>\nCONDICIONES GENERALES DE USO DE LA P\u00c1GINA WEB<\/h2>\n<p><a href=\"https:\/\/luzmadridfestival.com\/en\/\">luzmadridfestival.com\u00a0 <\/a><strong>(en adelante \u201cP\u00c1GINA WEB\u201d)<\/strong><\/p>\n<p>MADRID DESTINO CULTURA TURISMO Y NEGOCIO (en adelante, MADRID DESTINO), con CIF n\u00famero A-84073105 y domicilio social en Madrid, Calle Conde Duque, 9-11, 2\u00aa planta, 28015 Madrid, empresa municipal del Ayuntamiento de Madrid, cuyo objeto social, entre otros, comprende:<\/p>\n<p>\u201cLa gesti\u00f3n de programas y actividades culturales, formativas y art\u00edsticas, la organizaci\u00f3n, apoyo y difusi\u00f3n de las mismas, la promoci\u00f3n de iniciativas p\u00fablicas y privadas en dicho \u00e1mbito, incluyendo la colaboraci\u00f3n con entidades p\u00fablicas y privadas de car\u00e1cter nacional e internacional, el asesoramiento, la realizaci\u00f3n de estudios, la formaci\u00f3n de artistas y t\u00e9cnicos relacionados con dichas actividades y la prestaci\u00f3n de todos los servicios e infraestructuras integrantes o complementarios de estos programas y actividades.\u201d<\/p>\n<p>El presente Aviso Legal informa sobre las condiciones de uso de la \u201cP\u00c1GINA WEB\u201d para dar a conocer las actividades culturales que se celebrar\u00e1n en la ciudad de Madrid.<\/p>\n<p>El acceso, navegaci\u00f3n y uso en la misma conllevan la aceptaci\u00f3n sin reservas de las mismas con la misma validez y eficacia de un contrato. Para cualquier notificaci\u00f3n sobre su contenido e interpretaci\u00f3n el correo electr\u00f3nico de contacto es <a href=\"mailto:registro@madrid-destino.com\">registro@madrid-destino.com<\/a><\/p>\n<p>PRIMERA.- DEFINICI\u00d3N DE USUARIO<\/p>\n<p>El acceso y\/o el uso de p\u00e1gina web \u201cP\u00c1GINA WEB\u201d otorga a quien lo realiza la condici\u00f3n de usuario del mismo, aceptando desde ese momento y sin reserva alguna las presentes Condiciones Generales, sin perjuicio de las Condiciones Particulares que pudiera establecer MADRID DESTINO para los usuarios registrados en cada secci\u00f3n.<\/p>\n<p>SEGUNDA.- OBLIGACIONES y RESPONSABILIDAD DEL USUARIO<\/p>\n<p>El usuario se obliga a usar p\u00e1gina web \u201cP\u00c1GINA WEB\u201d conforme a la legalidad vigente, la buena fe, el orden p\u00fablico y los usos y costumbres generalmente aceptados, oblig\u00e1ndose a no utilizar el mismo con fines il\u00edcitos o lesivos para los derechos y\/o intereses de MADRID DESTINO, el Ayuntamiento de Madrid y\/o terceros, y a no causar perjuicios o impedir el normal funcionamiento de \u201cP\u00c1GINA WEB\u201d, tales como la incorporaci\u00f3n de c\u00f3digo malicioso independientemente de que existan filtros que lo puedan desactivar.<\/p>\n<p>Para todo proyecto o publicaci\u00f3n, el usuario se obliga a respetar la legalidad vigente aplicable en los territorios de su residencia, de la sede de la web y de cuantos otros donde la publicaci\u00f3n de su contenido pudiera tener efecto, siendo el \u00fanico responsable de la informaci\u00f3n y ofertas publicadas conforme a la finalidad de la p\u00e1gina web \u201cP\u00c1GINA WEB\u201d, con obligaci\u00f3n de mantener indemne a MADRID DESTINO por cuantos da\u00f1os y perjuicios u otras responsabilidades pudieran ocasionarse con motivo de actos o negligencias del usuario.<\/p>\n<p>Los usuarios que accedan a \u201cP\u00c1GINA WEB\u201d est\u00e1n autorizados para visualizar toda la informaci\u00f3n y contenidos de la misma accesibles en cada secci\u00f3n para usuarios registrados y no registrados, as\u00ed como, para efectuar descargas y reproducciones de los contenidos accesibles (im\u00e1genes, archivos audiovisuales, folletos, informes y publicaciones..) en sus terminales, conforme a lo dispuesto en la legislaci\u00f3n de propiedad intelectual y la licencia de uso otorgada seg\u00fan se establece en la cl\u00e1usula sexta.<\/p>\n<p>El uso que realice el usuario de \u201cP\u00c1GINA WEB\u201d ser\u00e1 responsabilidad \u00fanica y exclusiva de \u00e9ste, manteniendo en todo caso indemne a MADRID DESTINO y\/o el Ayuntamiento de Madrid, y el resto de usuarios de la p\u00e1gina web \u201cP\u00c1GINA WEB\u201d de cualquier da\u00f1o y\/o perjuicio que directa o indirectamente, la no observaci\u00f3n de las presentes Condiciones Generales por parte del usuario pudiera ocasionar al propio usuario o a terceros.<\/p>\n<p>En este sentido, MADRID DESTINO se reserva el derecho a denegar el acceso y\/o uso de \u201cP\u00c1GINA WEB\u201d o de cualquiera de sus contenidos y\/o servicios, a cualquier usuario que hubiera incumplido las presentes Condiciones Generales, y en su caso, Condiciones Particulares. MADRID DESTINO perseguir\u00e1 el incumplimiento de las presentes condiciones as\u00ed como cualquier utilizaci\u00f3n indebida de la p\u00e1gina web \u201cP\u00c1GINA WEB\u201d, ejerciendo todas las acciones civiles y penales que le puedan corresponder en derecho.<\/p>\n<p>TERCERA.- OBLIGACIONES Y RESPONSABILIDAD DE MADRID DESTINO<\/p>\n<p>MADRID DESTINO presta los servicios a que se refiere las presentes condiciones de forma gratuita.<\/p>\n<p>MADRID DESTINO no se hace responsable de los da\u00f1os y\/o perjuicios de cualquier naturaleza que pudiera sufrir el usuario o un tercero derivados de:<\/p>\n<ul>\n<li>la falta de disponibilidad, mantenimiento o efectivo funcionamiento de \u201cP\u00c1GINA WEB\u201d de sus servicios o de sus contenidos;<\/li>\n<li>la falta de utilidad, adecuaci\u00f3n o validez de \u201cP\u00c1GINA WEB\u201d, de sus servicios o de sus contenidos para satisfacer las necesidades o expectativas del usuario;<\/li>\n<li>la falta de errores o de actualizaci\u00f3n de \u201cP\u00c1GINA WEB\u201d o de su contenido<\/li>\n<li>la existencia de virus u otros elementos que pudieran causar da\u00f1os en los sistemas inform\u00e1ticos, en los documentos electr\u00f3nicos o en los ficheros de usuario de este sitio web o de sitios web de terceros.<\/li>\n<li>que un tercero, quebrantando las medidas de seguridad establecidas por MADRID DESTINO, utilice \u201cP\u00c1GINA WEB\u201d, sus contenidos o servicios para la remisi\u00f3n de virus, o acceda a realizar un tratamiento no autorizado de los datos almacenados por MADRID DESTINO;<\/li>\n<li>ni, en general, de cualquier uso de \u201cP\u00c1GINA WEB\u201d, sus servicios y\/o contenidos que pudiera realizar el usuario o un tercero, en contra de las Condiciones de acceso y uso de los mismos.<\/li>\n<li>MADRID DESTINO, tan pronto tenga noticia de cualquiera de las incidencias anteriores, siempre que no concurran causas que lo imposibiliten y est\u00e9 en su \u00e1mbito de acci\u00f3n, se compromete a llevar a cabo todas aquellas actuaciones tendentes a su subsanaci\u00f3n.<\/li>\n<\/ul>\n<p>CUARTA.- ENLACES. RESPONSABILIDAD DE TERCEROS<\/p>\n<p>Los enlaces que MADRID DESTINO pone a disposici\u00f3n del usuario en \u201cP\u00c1GINA WEB\u201d, tienen como finalidad facilitar el acceso a otros contenidos y\/o servicios que pudieran ser de su inter\u00e9s, no estando \u00e9stos gestionados ni controlados por MADRID DESTINO.<\/p>\n<p>MADRID DESTINO no controla previamente, ni aprueba ni hace propios los contenidos, servicios, productos y cualquier clase de informaci\u00f3n de terceros, personas jur\u00eddicas o f\u00edsicas, recogidos en \u201cP\u00c1GINA WEB\u201d<\/p>\n<p>Cualquier relaci\u00f3n contractual o extracontractual que, en su caso, se formalice a trav\u00e9s de estos enlaces se realizar\u00e1 siempre al margen de la participaci\u00f3n de MADRID DESTINO, sin que \u00e9sta asuma ning\u00fan tipo de responsabilidad directa ni indirecta en relaci\u00f3n con la licitud, veracidad, utilidad, calidad o fiabilidad de los contenidos y\/o servicios que no est\u00e9n directamente gestionados o controlados por MADRID DESTINO, aunque \u00e9stos puedan ser accesibles a trav\u00e9s de \u201cP\u00c1GINA WEB\u201d.<\/p>\n<p>MADRID DESTINO s\u00f3lo ser\u00e1 responsable de los contenidos suministrados por terceros en los enlaces publicados en \u201cP\u00c1GINA WEB\u201d en la medida en que tenga conocimiento efectivo de la ilicitud y no haya desactivado el enlace con la diligencia debida. En el supuesto de que el usuario considere que uno de los enlaces publicados en \u201cP\u00c1GINA WEB\u201d con contenidos il\u00edcitos o inadecuados debe comunic\u00e1rnoslo en la direcci\u00f3n de correo electr\u00f3nico<a href=\"mailto:registro@madrid-destino\"> registro@madrid-destino<\/a>.com sin que en ning\u00fan caso esta comunicaci\u00f3n conlleve la obligaci\u00f3n de retirar el correspondiente enlace.<\/p>\n<p>QUINTA.- MODIFICACIONES O CESE EN LA PRESTACI\u00d3N DE SERVICIOS<\/p>\n<p>MADRID DESTINO, con el fin de mejorar las prestaciones del p\u00e1gina web \u201cP\u00c1GINA WEB\u201d se reserva el derecho de modificar, de forma unilateral, la prestaci\u00f3n, su configuraci\u00f3n, dise\u00f1o y contenido, de forma total o parcial, as\u00ed como, las condiciones de uso de la misma y el acceso a los servicios prestados, comprometi\u00e9ndose a notific\u00e1rselo a los usuarios registrados con la m\u00e1xima antelaci\u00f3n y en el caso en el que supongan una modificaci\u00f3n en cuanto a las condiciones econ\u00f3micas de prestaci\u00f3n de los servicios ofrecidos con al menos treinta (30) d\u00edas de antelaci\u00f3n a la fecha de entrada en vigor de la modificaci\u00f3n.<\/p>\n<p>En el caso en el que el usuario registrado no estuviera conforme con las nuevas condiciones, estar\u00e1 facultado a causar baja comunic\u00e1ndolo a MADRID DESTINO. La solicitud de baja ser\u00e1 autom\u00e1tica, salvo en lo dispuesto en el contrato de adhesi\u00f3n a la PLATAFORMA \u00a1MADRID!.<\/p>\n<p>Igualmente, MADRID DESTINO se reserva el derecho a interrumpir, suspender temporalmente o cancelar definitivamente \u201cP\u00c1GINA WEB\u201d o cualquiera de los contenidos y\/o servicios que lo integran, a su sola y entera discreci\u00f3n.<\/p>\n<p>SEXTA.- PROPIEDAD INTELECTUAL. LICENCIAS DE USO.<\/p>\n<p>Los contenidos que MADRID DESTINO pone a disposici\u00f3n del usuario en \u201cP\u00c1GINA WEB\u201d est\u00e1n protegidos por derechos de autor, y en alg\u00fan caso, adicionalmente, derechos de imagen y propiedad industrial.<\/p>\n<p>Los contenidos de propiedad intelectual, salvo que se indique otra cosa, se hallan bajo la presente licencia de uso.<\/p>\n<p>MADRID DESTINO pretende fomentar el conocimiento abierto y promueve el libre uso y reutilizaci\u00f3n de los textos disponibles en la presente p\u00e1gina web sobre los que ostenta derechos de propiedad intelectual. Los textos (excepto donde se indique lo contrario) de la p\u00e1gina \u201cP\u00c1GINA WEB\u201d est\u00e1n licenciados bajo una licencia-tipo Creative Commons Reconocimiento 4.0 Internacional<\/p>\n<p>Mediante dicha licencia, usted es libre de:<\/p>\n<ul>\n<li>Copiar, distribuir y comunicar p\u00fablicamente los textos del p\u00e1gina web.<\/li>\n<li>Hacer un uso comercial de los contenidos.<\/li>\n<li>Generar obras derivadas.<\/li>\n<\/ul>\n<p>Para ello, \u00fanicamente est\u00e1 usted condicionado a:<\/p>\n<ul>\n<li>Reconocimiento, explicitando la fuente de informaci\u00f3n a trav\u00e9s de la siguiente f\u00f3rmula en un lugar visible: \u201cInformaci\u00f3n obtenida del p\u00e1gina web \u201cP\u00c1GINA WEB\u201d<\/li>\n<li>Incluir la misma obligaci\u00f3n de reconocimiento en los t\u00e9rminos de licencia de cualquier producto derivado que haga uso de esta informaci\u00f3n.<\/li>\n<li>No desnaturalizar el sentido de la informaci\u00f3n reproducida.<\/li>\n<li>Evitar cualquier rasgo de presentaci\u00f3n que sugiera que Madrid Destino o el Ayuntamiento de Madrid apoya o promueve el uso que se hace de la informaci\u00f3n difundida. En ning\u00fan caso est\u00e1 permitida la reproducci\u00f3n de logotipos, escudos, s\u00edmbolos y marcas identificativas de MADRID DESTINO o del Ayuntamiento de Madrid sin autorizaci\u00f3n expresa.<\/li>\n<\/ul>\n<p>Las im\u00e1genes, v\u00eddeos u otros contenidos que no sean texto est\u00e1n sujetos a copyright de su propietario o, en su caso, a solicitud de licencia de uso a MADRID DESTINO, excepto donde se indique lo contrario. Para permisos m\u00e1s all\u00e1 del alcance de esta licencia dirigir solicitud por e-mail a <a href=\"mailto:registro@madrid-destino.com\">registro@madrid-destino.com<\/a><\/p>\n<p>Estas consideraciones no afectan a aquellos contenidos que no son objeto de propiedad intelectual, de acuerdo con el Art\u00edculo 13 del Real Decreto Legislativo 1\/1996, de 12 de abril, por el que se aprueba el Texto Refundido de la Ley de Propiedad Intelectual, ni a los derechos derivados de usos leg\u00edtimos y l\u00edmites previstos en el art\u00edculo 31 y siguientes de dicha norma.<\/p>\n<p>La infracci\u00f3n de los derechos de propiedad intelectual o industrial por los usuarios se encuentra sujeta a la exigencia de la correspondiente responsabilidad legal por cualquier uso, fuera de los permitidos, que suponga la violaci\u00f3n de tales derechos.<\/p>\n<p>S\u00c9PTIMA.- POLITICAS DE PRIVACIDAD Y DE COOKIES<\/p>\n<p>MADRID DESTINO informa a los usuarios de su Pol\u00edtica de Privacidad y Pol\u00edtica de Cookies relativas a la \u201cP\u00c1GINA WEB\u201d a continuaci\u00f3n de las presentes CONDICIONES GENERALES DE USO DEL Pagina web \u201cP\u00c1GINA WEB\u201d, formando parte integrante de este aviso legal.<\/p>\n<p>OCTAVA.- LEGISLACI\u00d3N APLICABLE Y JURISDICCI\u00d3N COMPETENTE<\/p>\n<p>Las presentes advertencias legales se rigen por la legislaci\u00f3n espa\u00f1ola. Todos los conflictos que pudieran derivarse de su interpretaci\u00f3n, aplicaci\u00f3n y cumplimiento, se someter\u00e1n a los Juzgados y Tribunales de Madrid (Espa\u00f1a), renunciando expresamente las partes a cualquier otro fuero que pudiera corresponderles.<\/p>\n","protected":false},"excerpt":{"rendered":"<p>AVISO LEGAL CONDICIONES GENERALES DE USO DE LA P\u00c1GINA WEB luzmadridfestival.com\u00a0 (en adelante \u201cP\u00c1GINA WEB\u201d) MADRID DESTINO CULTURA TURISMO Y NEGOCIO (en adelante, MADRID DESTINO), con CIF n\u00famero A-84073105 y domicilio social en Madrid, Calle Conde Duque, 9-11, 2\u00aa planta, 28015 Madrid, empresa municipal del Ayuntamiento de Madrid, cuyo objeto social, entre otros, comprende: \u201cLa [&hellip;]<\/p>\n","protected":false},"author":1,"featured_media":0,"parent":0,"menu_order":0,"comment_status":"closed","ping_status":"closed","template":"","meta":{"_acf_changed":false,"inline_featured_image":false,"footnotes":""},"class_list":["post-741","page","type-page","status-publish","hentry"],"acf":[],"yoast_head":"<!-- This site is optimized with the Yoast SEO plugin v23.9 - https:\/\/yoast.com\/wordpress\/plugins\/seo\/ -->\n<title>Legal notice &#8211; Luz Madrid<\/title>\n<meta name=\"robots\" content=\"index, follow, max-snippet:-1, max-image-preview:large, max-video-preview:-1\" \/>\n<link rel=\"canonical\" href=\"https:\/\/luzmadridfestival.com\/en\/legal-notice\/\" \/>\n<meta property=\"og:locale\" content=\"en_US\" \/>\n<meta property=\"og:type\" content=\"article\" \/>\n<meta property=\"og:title\" content=\"Legal notice &#8211; Luz Madrid\" \/>\n<meta property=\"og:description\" content=\"AVISO LEGAL CONDICIONES GENERALES DE USO DE LA P\u00c1GINA WEB luzmadridfestival.com\u00a0 (en adelante \u201cP\u00c1GINA WEB\u201d) MADRID DESTINO CULTURA TURISMO Y NEGOCIO (en adelante, MADRID DESTINO), con CIF n\u00famero A-84073105 y domicilio social en Madrid, Calle Conde Duque, 9-11, 2\u00aa planta, 28015 Madrid, empresa municipal del Ayuntamiento de Madrid, cuyo objeto social, entre otros, comprende: \u201cLa [&hellip;]\" \/>\n<meta property=\"og:url\" content=\"https:\/\/luzmadridfestival.com\/en\/legal-notice\/\" \/>\n<meta property=\"og:site_name\" content=\"Luz Madrid\" \/>\n<meta property=\"article:publisher\" content=\"https:\/\/www.facebook.com\/LuzMadridFestival\" \/>\n<meta property=\"article:modified_time\" content=\"2026-02-27T10:59:56+00:00\" \/>\n<meta name=\"twitter:card\" content=\"summary_large_image\" \/>\n<meta name=\"twitter:site\" content=\"@_LuzMadrid\" \/>\n<meta name=\"twitter:label1\" content=\"Est. reading time\" \/>\n\t<meta name=\"twitter:data1\" content=\"9 minutes\" \/>\n<script type=\"application\/ld+json\" class=\"yoast-schema-graph\">{\"@context\":\"https:\/\/schema.org\",\"@graph\":[{\"@type\":\"WebPage\",\"@id\":\"https:\/\/luzmadridfestival.com\/en\/legal-notice\/\",\"url\":\"https:\/\/luzmadridfestival.com\/en\/legal-notice\/\",\"name\":\"Legal notice &#8211; Luz Madrid\",\"isPartOf\":{\"@id\":\"https:\/\/luzmadridfestival.com\/en\/#website\"},\"datePublished\":\"2021-09-27T17:37:07+00:00\",\"dateModified\":\"2026-02-27T10:59:56+00:00\",\"breadcrumb\":{\"@id\":\"https:\/\/luzmadridfestival.com\/en\/legal-notice\/#breadcrumb\"},\"inLanguage\":\"en-US\",\"potentialAction\":[{\"@type\":\"ReadAction\",\"target\":[\"https:\/\/luzmadridfestival.com\/en\/legal-notice\/\"]}]},{\"@type\":\"BreadcrumbList\",\"@id\":\"https:\/\/luzmadridfestival.com\/en\/legal-notice\/#breadcrumb\",\"itemListElement\":[{\"@type\":\"ListItem\",\"position\":1,\"name\":\"Portada\",\"item\":\"https:\/\/luzmadridfestival.com\/en\/home\/\"},{\"@type\":\"ListItem\",\"position\":2,\"name\":\"Legal notice\"}]},{\"@type\":\"WebSite\",\"@id\":\"https:\/\/luzmadridfestival.com\/en\/#website\",\"url\":\"https:\/\/luzmadridfestival.com\/en\/\",\"name\":\"Luz Madrid\",\"description\":\"2nd International Festival of Light Madrid\",\"publisher\":{\"@id\":\"https:\/\/luzmadridfestival.com\/en\/#organization\"},\"potentialAction\":[{\"@type\":\"SearchAction\",\"target\":{\"@type\":\"EntryPoint\",\"urlTemplate\":\"https:\/\/luzmadridfestival.com\/en\/?s={search_term_string}\"},\"query-input\":{\"@type\":\"PropertyValueSpecification\",\"valueRequired\":true,\"valueName\":\"search_term_string\"}}],\"inLanguage\":\"en-US\"},{\"@type\":\"Organization\",\"@id\":\"https:\/\/luzmadridfestival.com\/en\/#organization\",\"name\":\"Luz Madrid Festival\",\"url\":\"https:\/\/luzmadridfestival.com\/en\/\",\"logo\":{\"@type\":\"ImageObject\",\"inLanguage\":\"en-US\",\"@id\":\"https:\/\/luzmadridfestival.com\/en\/#\/schema\/logo\/image\/\",\"url\":\"https:\/\/luzmadridfestival.com\/wp-content\/uploads\/2021\/10\/logo-luz-madrid.png\",\"contentUrl\":\"https:\/\/luzmadridfestival.com\/wp-content\/uploads\/2021\/10\/logo-luz-madrid.png\",\"width\":574,\"height\":681,\"caption\":\"Luz Madrid Festival\"},\"image\":{\"@id\":\"https:\/\/luzmadridfestival.com\/en\/#\/schema\/logo\/image\/\"},\"sameAs\":[\"https:\/\/www.facebook.com\/LuzMadridFestival\",\"https:\/\/x.com\/_LuzMadrid\",\"https:\/\/www.instagram.com\/_luzmadrid\/\"]}]}<\/script>\n<!-- \/ Yoast SEO plugin. -->","yoast_head_json":{"title":"Legal notice &#8211; Luz Madrid","robots":{"index":"index","follow":"follow","max-snippet":"max-snippet:-1","max-image-preview":"max-image-preview:large","max-video-preview":"max-video-preview:-1"},"canonical":"https:\/\/luzmadridfestival.com\/en\/legal-notice\/","og_locale":"en_US","og_type":"article","og_title":"Legal notice &#8211; Luz Madrid","og_description":"AVISO LEGAL CONDICIONES GENERALES DE USO DE LA P\u00c1GINA WEB luzmadridfestival.com\u00a0 (en adelante \u201cP\u00c1GINA WEB\u201d) MADRID DESTINO CULTURA TURISMO Y NEGOCIO (en adelante, MADRID DESTINO), con CIF n\u00famero A-84073105 y domicilio social en Madrid, Calle Conde Duque, 9-11, 2\u00aa planta, 28015 Madrid, empresa municipal del Ayuntamiento de Madrid, cuyo objeto social, entre otros, comprende: \u201cLa [&hellip;]","og_url":"https:\/\/luzmadridfestival.com\/en\/legal-notice\/","og_site_name":"Luz Madrid","article_publisher":"https:\/\/www.facebook.com\/LuzMadridFestival","article_modified_time":"2026-02-27T10:59:56+00:00","twitter_card":"summary_large_image","twitter_site":"@_LuzMadrid","twitter_misc":{"Est. reading time":"9 minutes"},"schema":{"@context":"https:\/\/schema.org","@graph":[{"@type":"WebPage","@id":"https:\/\/luzmadridfestival.com\/en\/legal-notice\/","url":"https:\/\/luzmadridfestival.com\/en\/legal-notice\/","name":"Legal notice &#8211; Luz Madrid","isPartOf":{"@id":"https:\/\/luzmadridfestival.com\/en\/#website"},"datePublished":"2021-09-27T17:37:07+00:00","dateModified":"2026-02-27T10:59:56+00:00","breadcrumb":{"@id":"https:\/\/luzmadridfestival.com\/en\/legal-notice\/#breadcrumb"},"inLanguage":"en-US","potentialAction":[{"@type":"ReadAction","target":["https:\/\/luzmadridfestival.com\/en\/legal-notice\/"]}]},{"@type":"BreadcrumbList","@id":"https:\/\/luzmadridfestival.com\/en\/legal-notice\/#breadcrumb","itemListElement":[{"@type":"ListItem","position":1,"name":"Portada","item":"https:\/\/luzmadridfestival.com\/en\/home\/"},{"@type":"ListItem","position":2,"name":"Legal notice"}]},{"@type":"WebSite","@id":"https:\/\/luzmadridfestival.com\/en\/#website","url":"https:\/\/luzmadridfestival.com\/en\/","name":"Luz Madrid","description":"2nd International Festival of Light Madrid","publisher":{"@id":"https:\/\/luzmadridfestival.com\/en\/#organization"},"potentialAction":[{"@type":"SearchAction","target":{"@type":"EntryPoint","urlTemplate":"https:\/\/luzmadridfestival.com\/en\/?s={search_term_string}"},"query-input":{"@type":"PropertyValueSpecification","valueRequired":true,"valueName":"search_term_string"}}],"inLanguage":"en-US"},{"@type":"Organization","@id":"https:\/\/luzmadridfestival.com\/en\/#organization","name":"Luz Madrid Festival","url":"https:\/\/luzmadridfestival.com\/en\/","logo":{"@type":"ImageObject","inLanguage":"en-US","@id":"https:\/\/luzmadridfestival.com\/en\/#\/schema\/logo\/image\/","url":"https:\/\/luzmadridfestival.com\/wp-content\/uploads\/2021\/10\/logo-luz-madrid.png","contentUrl":"https:\/\/luzmadridfestival.com\/wp-content\/uploads\/2021\/10\/logo-luz-madrid.png","width":574,"height":681,"caption":"Luz Madrid Festival"},"image":{"@id":"https:\/\/luzmadridfestival.com\/en\/#\/schema\/logo\/image\/"},"sameAs":["https:\/\/www.facebook.com\/LuzMadridFestival","https:\/\/x.com\/_LuzMadrid","https:\/\/www.instagram.com\/_luzmadrid\/"]}]}},"_links":{"self":[{"href":"https:\/\/luzmadridfestival.com\/en\/wp-json\/wp\/v2\/pages\/741","targetHints":{"allow":["GET"]}}],"collection":[{"href":"https:\/\/luzmadridfestival.com\/en\/wp-json\/wp\/v2\/pages"}],"about":[{"href":"https:\/\/luzmadridfestival.com\/en\/wp-json\/wp\/v2\/types\/page"}],"author":[{"embeddable":true,"href":"https:\/\/luzmadridfestival.com\/en\/wp-json\/wp\/v2\/users\/1"}],"replies":[{"embeddable":true,"href":"https:\/\/luzmadridfestival.com\/en\/wp-json\/wp\/v2\/comments?post=741"}],"version-history":[{"count":2,"href":"https:\/\/luzmadridfestival.com\/en\/wp-json\/wp\/v2\/pages\/741\/revisions"}],"predecessor-version":[{"id":5360,"href":"https:\/\/luzmadridfestival.com\/en\/wp-json\/wp\/v2\/pages\/741\/revisions\/5360"}],"wp:attachment":[{"href":"https:\/\/luzmadridfestival.com\/en\/wp-json\/wp\/v2\/media?parent=741"}],"curies":[{"name":"wp","href":"https:\/\/api.w.org\/{rel}","templated":true}]}}