{"id":2524,"date":"2022-05-23T21:15:57","date_gmt":"2022-05-23T19:15:57","guid":{"rendered":"https:\/\/luzmadridfestival.com\/?page_id=2524"},"modified":"2024-03-06T12:33:27","modified_gmt":"2024-03-06T10:33:27","slug":"previous","status":"publish","type":"page","link":"https:\/\/luzmadridfestival.com\/en\/previous\/","title":{"rendered":"LUZMADRID 2024"},"content":{"rendered":"<h2 style=\"text-align: center;\">Rosa Mu\u00f1oz<br \/>\nThe Glass Grove (Floresta de Cristal)<\/h2>\n<p style=\"text-align: center;\"><strong>Technical specifications:<\/strong><br \/>\n<strong>Length: 3&#8217;21&#8221;<\/strong><br \/>\n<strong>Artist: Rosa Mu\u00f1oz<\/strong><br \/>\n<strong>Production of audiovisual content: Virginia Puertollano<\/strong><\/p>\n<p style=\"text-align: center;\">In her work <em>The Glass Grove<\/em>, the artist Rosa Mu\u00f1oz not only examines the value of architecture in an urban context, but also how it has evolved over the years and how it influences people. Mu\u00f1oz is particularly interested in the reflection of the natural spaces that coexist inside and outside these constructions.<\/p>\n<p style=\"text-align: center;\">In order to create this projection, the artist draws on one of her earlier works, a fragmented narrative taken from a photographic study of semi-derelict buildings in Madrid which have gradually been taken over by vegetation. Situating herself inside these buildings, Mu\u00f1oz sets out to create a dialogue with the outside world. By focusing her lens on the transparencies and reflections of materials that have allowed vegetation to take hold, she succeeds in capturing both architecture and nature. The result is a selection of segments that form interrelated, mirrored geometric figures, creating beautiful floral displays. Like infinite kaleidoscopes, these forms intertwine to create majestic stained glass windows that, true to their origins, aim to illuminate and communicate. In this way, the artist reflects on the sustainable relationship between territory, nature and architecture in defence of future humanising spaces.<\/p>\n<p style=\"text-align: center;\">With this hypnotic visual metaphor, the artist reconstructs the urban landscape and imbues it with dynamism and chromatic beauty. Julieta de Haro<\/p>\n<p style=\"text-align: center;\">Revisit the last edition of LuzMadrid <a href=\"https:\/\/luzmadridfestival.com\/en\/home\">in this link<\/a> and stay tuned to our social media accounts, where we\u2019ll announce more information about the next edition of the International Festival of Light.<\/p>\n","protected":false},"excerpt":{"rendered":"<p>Rosa Mu\u00f1oz The Glass Grove (Floresta de Cristal) Technical specifications: Length: 3&#8217;21&#8221; Artist: Rosa Mu\u00f1oz Production of audiovisual content: Virginia Puertollano In her work The Glass Grove, the artist Rosa Mu\u00f1oz not only examines the value of architecture in an urban context, but also how it has evolved over the years and how it influences [&hellip;]<\/p>\n","protected":false},"author":5,"featured_media":0,"parent":0,"menu_order":0,"comment_status":"closed","ping_status":"closed","template":"page-previa.php","meta":{"_acf_changed":false,"inline_featured_image":false,"footnotes":""},"class_list":["post-2524","page","type-page","status-publish","hentry"],"acf":[],"yoast_head":"<!-- This site is optimized with the Yoast SEO plugin v23.9 - https:\/\/yoast.com\/wordpress\/plugins\/seo\/ -->\n<title>LUZMADRID 2024 &#8211; Luz Madrid<\/title>\n<meta name=\"description\" content=\"On 27, 28 and 29 October 2023, the streets of Madrid will come alive with light in collaboration with more than twenty different artists from Spain and abroad.\" \/>\n<meta name=\"robots\" content=\"index, follow, max-snippet:-1, max-image-preview:large, max-video-preview:-1\" \/>\n<link rel=\"canonical\" href=\"https:\/\/luzmadridfestival.com\/en\/previous\/\" \/>\n<meta property=\"og:locale\" content=\"en_US\" \/>\n<meta property=\"og:type\" content=\"article\" \/>\n<meta property=\"og:title\" content=\"LUZMADRID 2024 &#8211; Luz Madrid\" \/>\n<meta property=\"og:description\" content=\"On 27, 28 and 29 October 2023, the streets of Madrid will come alive with light in collaboration with more than twenty different artists from Spain and abroad.\" \/>\n<meta property=\"og:url\" content=\"https:\/\/luzmadridfestival.com\/en\/previous\/\" \/>\n<meta property=\"og:site_name\" content=\"Luz Madrid\" \/>\n<meta property=\"article:publisher\" content=\"https:\/\/www.facebook.com\/LuzMadridFestival\" \/>\n<meta property=\"article:modified_time\" content=\"2024-03-06T10:33:27+00:00\" \/>\n<meta name=\"twitter:card\" content=\"summary_large_image\" \/>\n<meta name=\"twitter:site\" content=\"@_LuzMadrid\" \/>\n<meta name=\"twitter:label1\" content=\"Est. reading time\" \/>\n\t<meta name=\"twitter:data1\" content=\"2 minutes\" \/>\n<script type=\"application\/ld+json\" class=\"yoast-schema-graph\">{\"@context\":\"https:\/\/schema.org\",\"@graph\":[{\"@type\":\"WebPage\",\"@id\":\"https:\/\/luzmadridfestival.com\/en\/previous\/\",\"url\":\"https:\/\/luzmadridfestival.com\/en\/previous\/\",\"name\":\"LUZMADRID 2024 &#8211; Luz Madrid\",\"isPartOf\":{\"@id\":\"https:\/\/luzmadridfestival.com\/en\/#website\"},\"datePublished\":\"2022-05-23T19:15:57+00:00\",\"dateModified\":\"2024-03-06T10:33:27+00:00\",\"description\":\"On 27, 28 and 29 October 2023, the streets of Madrid will come alive with light in collaboration with more than twenty different artists from Spain and abroad.\",\"breadcrumb\":{\"@id\":\"https:\/\/luzmadridfestival.com\/en\/previous\/#breadcrumb\"},\"inLanguage\":\"en-US\",\"potentialAction\":[{\"@type\":\"ReadAction\",\"target\":[\"https:\/\/luzmadridfestival.com\/en\/previous\/\"]}]},{\"@type\":\"BreadcrumbList\",\"@id\":\"https:\/\/luzmadridfestival.com\/en\/previous\/#breadcrumb\",\"itemListElement\":[{\"@type\":\"ListItem\",\"position\":1,\"name\":\"Portada\",\"item\":\"https:\/\/luzmadridfestival.com\/en\/home\/\"},{\"@type\":\"ListItem\",\"position\":2,\"name\":\"LUZMADRID 2024\"}]},{\"@type\":\"WebSite\",\"@id\":\"https:\/\/luzmadridfestival.com\/en\/#website\",\"url\":\"https:\/\/luzmadridfestival.com\/en\/\",\"name\":\"Luz Madrid\",\"description\":\"2nd International Festival of Light Madrid\",\"publisher\":{\"@id\":\"https:\/\/luzmadridfestival.com\/en\/#organization\"},\"potentialAction\":[{\"@type\":\"SearchAction\",\"target\":{\"@type\":\"EntryPoint\",\"urlTemplate\":\"https:\/\/luzmadridfestival.com\/en\/?s={search_term_string}\"},\"query-input\":{\"@type\":\"PropertyValueSpecification\",\"valueRequired\":true,\"valueName\":\"search_term_string\"}}],\"inLanguage\":\"en-US\"},{\"@type\":\"Organization\",\"@id\":\"https:\/\/luzmadridfestival.com\/en\/#organization\",\"name\":\"Luz Madrid Festival\",\"url\":\"https:\/\/luzmadridfestival.com\/en\/\",\"logo\":{\"@type\":\"ImageObject\",\"inLanguage\":\"en-US\",\"@id\":\"https:\/\/luzmadridfestival.com\/en\/#\/schema\/logo\/image\/\",\"url\":\"https:\/\/luzmadridfestival.com\/wp-content\/uploads\/2021\/10\/logo-luz-madrid.png\",\"contentUrl\":\"https:\/\/luzmadridfestival.com\/wp-content\/uploads\/2021\/10\/logo-luz-madrid.png\",\"width\":574,\"height\":681,\"caption\":\"Luz Madrid Festival\"},\"image\":{\"@id\":\"https:\/\/luzmadridfestival.com\/en\/#\/schema\/logo\/image\/\"},\"sameAs\":[\"https:\/\/www.facebook.com\/LuzMadridFestival\",\"https:\/\/x.com\/_LuzMadrid\",\"https:\/\/www.instagram.com\/_luzmadrid\/\"]}]}<\/script>\n<!-- \/ Yoast SEO plugin. -->","yoast_head_json":{"title":"LUZMADRID 2024 &#8211; Luz Madrid","description":"On 27, 28 and 29 October 2023, the streets of Madrid will come alive with light in collaboration with more than twenty different artists from Spain and abroad.","robots":{"index":"index","follow":"follow","max-snippet":"max-snippet:-1","max-image-preview":"max-image-preview:large","max-video-preview":"max-video-preview:-1"},"canonical":"https:\/\/luzmadridfestival.com\/en\/previous\/","og_locale":"en_US","og_type":"article","og_title":"LUZMADRID 2024 &#8211; Luz Madrid","og_description":"On 27, 28 and 29 October 2023, the streets of Madrid will come alive with light in collaboration with more than twenty different artists from Spain and abroad.","og_url":"https:\/\/luzmadridfestival.com\/en\/previous\/","og_site_name":"Luz Madrid","article_publisher":"https:\/\/www.facebook.com\/LuzMadridFestival","article_modified_time":"2024-03-06T10:33:27+00:00","twitter_card":"summary_large_image","twitter_site":"@_LuzMadrid","twitter_misc":{"Est. reading time":"2 minutes"},"schema":{"@context":"https:\/\/schema.org","@graph":[{"@type":"WebPage","@id":"https:\/\/luzmadridfestival.com\/en\/previous\/","url":"https:\/\/luzmadridfestival.com\/en\/previous\/","name":"LUZMADRID 2024 &#8211; Luz Madrid","isPartOf":{"@id":"https:\/\/luzmadridfestival.com\/en\/#website"},"datePublished":"2022-05-23T19:15:57+00:00","dateModified":"2024-03-06T10:33:27+00:00","description":"On 27, 28 and 29 October 2023, the streets of Madrid will come alive with light in collaboration with more than twenty different artists from Spain and abroad.","breadcrumb":{"@id":"https:\/\/luzmadridfestival.com\/en\/previous\/#breadcrumb"},"inLanguage":"en-US","potentialAction":[{"@type":"ReadAction","target":["https:\/\/luzmadridfestival.com\/en\/previous\/"]}]},{"@type":"BreadcrumbList","@id":"https:\/\/luzmadridfestival.com\/en\/previous\/#breadcrumb","itemListElement":[{"@type":"ListItem","position":1,"name":"Portada","item":"https:\/\/luzmadridfestival.com\/en\/home\/"},{"@type":"ListItem","position":2,"name":"LUZMADRID 2024"}]},{"@type":"WebSite","@id":"https:\/\/luzmadridfestival.com\/en\/#website","url":"https:\/\/luzmadridfestival.com\/en\/","name":"Luz Madrid","description":"2nd International Festival of Light Madrid","publisher":{"@id":"https:\/\/luzmadridfestival.com\/en\/#organization"},"potentialAction":[{"@type":"SearchAction","target":{"@type":"EntryPoint","urlTemplate":"https:\/\/luzmadridfestival.com\/en\/?s={search_term_string}"},"query-input":{"@type":"PropertyValueSpecification","valueRequired":true,"valueName":"search_term_string"}}],"inLanguage":"en-US"},{"@type":"Organization","@id":"https:\/\/luzmadridfestival.com\/en\/#organization","name":"Luz Madrid Festival","url":"https:\/\/luzmadridfestival.com\/en\/","logo":{"@type":"ImageObject","inLanguage":"en-US","@id":"https:\/\/luzmadridfestival.com\/en\/#\/schema\/logo\/image\/","url":"https:\/\/luzmadridfestival.com\/wp-content\/uploads\/2021\/10\/logo-luz-madrid.png","contentUrl":"https:\/\/luzmadridfestival.com\/wp-content\/uploads\/2021\/10\/logo-luz-madrid.png","width":574,"height":681,"caption":"Luz Madrid Festival"},"image":{"@id":"https:\/\/luzmadridfestival.com\/en\/#\/schema\/logo\/image\/"},"sameAs":["https:\/\/www.facebook.com\/LuzMadridFestival","https:\/\/x.com\/_LuzMadrid","https:\/\/www.instagram.com\/_luzmadrid\/"]}]}},"_links":{"self":[{"href":"https:\/\/luzmadridfestival.com\/en\/wp-json\/wp\/v2\/pages\/2524","targetHints":{"allow":["GET"]}}],"collection":[{"href":"https:\/\/luzmadridfestival.com\/en\/wp-json\/wp\/v2\/pages"}],"about":[{"href":"https:\/\/luzmadridfestival.com\/en\/wp-json\/wp\/v2\/types\/page"}],"author":[{"embeddable":true,"href":"https:\/\/luzmadridfestival.com\/en\/wp-json\/wp\/v2\/users\/5"}],"replies":[{"embeddable":true,"href":"https:\/\/luzmadridfestival.com\/en\/wp-json\/wp\/v2\/comments?post=2524"}],"version-history":[{"count":5,"href":"https:\/\/luzmadridfestival.com\/en\/wp-json\/wp\/v2\/pages\/2524\/revisions"}],"predecessor-version":[{"id":4398,"href":"https:\/\/luzmadridfestival.com\/en\/wp-json\/wp\/v2\/pages\/2524\/revisions\/4398"}],"wp:attachment":[{"href":"https:\/\/luzmadridfestival.com\/en\/wp-json\/wp\/v2\/media?parent=2524"}],"curies":[{"name":"wp","href":"https:\/\/api.w.org\/{rel}","templated":true}]}}